{"id":1301,"date":"2015-03-13T14:19:11","date_gmt":"2015-03-13T14:19:11","guid":{"rendered":"http:\/\/le-castillon.be\/site\/?page_id=1301"},"modified":"2016-04-18T08:16:51","modified_gmt":"2016-04-18T08:16:51","slug":"nos-3-chambres-dhotes-sur-le-theme-de-litalie","status":"publish","type":"page","link":"https:\/\/le-castillon.be\/site\/?page_id=1301","title":{"rendered":"Nos chambres d&rsquo;h\u00f4tes"},"content":{"rendered":"<p>Nos 3 chambres d&rsquo;h\u00f4tes sur le th\u00e8me de l&rsquo;Italie&#8230;.<\/p>\n","protected":false},"excerpt":{"rendered":"<p>Nos 3 chambres d&rsquo;h\u00f4tes sur le th\u00e8me de l&rsquo;Italie&#8230;.<\/p>\n","protected":false},"author":1,"featured_media":0,"parent":0,"menu_order":0,"comment_status":"open","ping_status":"closed","template":"template-rooms-3cols.php","meta":{"jetpack_post_was_ever_published":false,"footnotes":""},"language":[13],"class_list":["post-1301","page","type-page","status-publish","hentry","language-fr_fr"],"aioseo_notices":[],"jetpack_sharing_enabled":true,"jetpack_shortlink":"https:\/\/wp.me\/P5PFRI-kZ","jetpack_likes_enabled":true,"_links":{"self":[{"href":"https:\/\/le-castillon.be\/site\/index.php?rest_route=\/wp\/v2\/pages\/1301","targetHints":{"allow":["GET"]}}],"collection":[{"href":"https:\/\/le-castillon.be\/site\/index.php?rest_route=\/wp\/v2\/pages"}],"about":[{"href":"https:\/\/le-castillon.be\/site\/index.php?rest_route=\/wp\/v2\/types\/page"}],"author":[{"embeddable":true,"href":"https:\/\/le-castillon.be\/site\/index.php?rest_route=\/wp\/v2\/users\/1"}],"replies":[{"embeddable":true,"href":"https:\/\/le-castillon.be\/site\/index.php?rest_route=%2Fwp%2Fv2%2Fcomments&post=1301"}],"version-history":[{"count":4,"href":"https:\/\/le-castillon.be\/site\/index.php?rest_route=\/wp\/v2\/pages\/1301\/revisions"}],"predecessor-version":[{"id":2985,"href":"https:\/\/le-castillon.be\/site\/index.php?rest_route=\/wp\/v2\/pages\/1301\/revisions\/2985"}],"wp:attachment":[{"href":"https:\/\/le-castillon.be\/site\/index.php?rest_route=%2Fwp%2Fv2%2Fmedia&parent=1301"}],"wp:term":[{"taxonomy":"language","embeddable":true,"href":"https:\/\/le-castillon.be\/site\/index.php?rest_route=%2Fwp%2Fv2%2Flanguage&post=1301"}],"curies":[{"name":"wp","href":"https:\/\/api.w.org\/{rel}","templated":true}]}}