{"id":171,"date":"2019-11-26T12:50:23","date_gmt":"2019-11-26T12:50:23","guid":{"rendered":"http:\/\/www.cssigniter.com\/preview\/philoxenia\/?page_id=6"},"modified":"2020-04-22T10:38:00","modified_gmt":"2020-04-22T10:38:00","slug":"booking","status":"publish","type":"page","link":"https:\/\/le-castillon.be\/site\/?page_id=171","title":{"rendered":"Reservation"},"content":{"rendered":"<p>Vous souhaitez r\u00e9server? v\u00e9rifiez le calendrier afin de voir si la p\u00e9riode que vous envisagez est libre et envoyez nous votre demande.<\/p>\n<p>Nous vous r\u00e9pondrons dans les plus brefs d\u00e9lais et nous nous couperons en quatre pour vous satisfaire.<\/p>\n<p>Nous ferons en sorte que chez nous, vous soyez \u00ab\u00a0chez vous\u00a0\u00bb<\/p>\n<div id=\"ConstellationWidgetContainer142c1f67-3d4b-4151-8295-e8030c397a51\" style=\"width:100%\" title=\"Le Castillon\" data-id-projet=\"142c1f673d4b41518295e8030c397a51\">Chargement en cours&#8230;<\/div>\n<p><script type=\"text\/javascript\" src=\"https:\/\/reservation.elloha.com\/Scripts\/widget-loader.min.js?v=40\"><\/script> <script type=\"text\/javascript\">var constellationWidgetUrl142c1f673d4b41518295e8030c397a51, constellationTypeModule142c1f673d4b41518295e8030c397a51; constellationWidgetUrl142c1f673d4b41518295e8030c397a51 = 'https:\/\/reservation.elloha.com\/Widget\/BookingEngine\/142c1f67-3d4b-4151-8295-e8030c397a51?idoi=ca6fd7b7-c62a-48df-8ddf-fe6411eac6df&culture=fr-FR'; constellationTypeModule142c1f673d4b41518295e8030c397a51=1; constellationWidgetLoad('ConstellationWidgetContainer142c1f67-3d4b-4151-8295-e8030c397a51'); constellationWidgetAddEvent(window, \"resize\", function () { constellationWidgetSetAppearance('ConstellationWidgetContainer142c1f67-3d4b-4151-8295-e8030c397a51'); });<\/script><\/p>\n","protected":false},"excerpt":{"rendered":"<p>Vous souhaitez r\u00e9server? v\u00e9rifiez le calendrier afin de voir si la p\u00e9riode que vous envisagez est libre et envoyez nous votre demande. Nous vous r\u00e9pondrons dans les plus brefs d\u00e9lais et nous nous couperons en quatre pour vous satisfaire. Nous ferons en sorte que chez nous, vous soyez \u00ab\u00a0chez vous\u00a0\u00bb Chargement en cours&#8230;<\/p>\n","protected":false},"author":1,"featured_media":0,"parent":0,"menu_order":0,"comment_status":"open","ping_status":"closed","template":"template-full.php","meta":{"jetpack_post_was_ever_published":false,"footnotes":""},"language":[13],"class_list":["post-171","page","type-page","status-publish","hentry","language-fr_fr"],"aioseo_notices":[],"jetpack_sharing_enabled":true,"jetpack_shortlink":"https:\/\/wp.me\/P5PFRI-2L","jetpack_likes_enabled":true,"_links":{"self":[{"href":"https:\/\/le-castillon.be\/site\/index.php?rest_route=\/wp\/v2\/pages\/171","targetHints":{"allow":["GET"]}}],"collection":[{"href":"https:\/\/le-castillon.be\/site\/index.php?rest_route=\/wp\/v2\/pages"}],"about":[{"href":"https:\/\/le-castillon.be\/site\/index.php?rest_route=\/wp\/v2\/types\/page"}],"author":[{"embeddable":true,"href":"https:\/\/le-castillon.be\/site\/index.php?rest_route=\/wp\/v2\/users\/1"}],"replies":[{"embeddable":true,"href":"https:\/\/le-castillon.be\/site\/index.php?rest_route=%2Fwp%2Fv2%2Fcomments&post=171"}],"version-history":[{"count":26,"href":"https:\/\/le-castillon.be\/site\/index.php?rest_route=\/wp\/v2\/pages\/171\/revisions"}],"predecessor-version":[{"id":3717,"href":"https:\/\/le-castillon.be\/site\/index.php?rest_route=\/wp\/v2\/pages\/171\/revisions\/3717"}],"wp:attachment":[{"href":"https:\/\/le-castillon.be\/site\/index.php?rest_route=%2Fwp%2Fv2%2Fmedia&parent=171"}],"wp:term":[{"taxonomy":"language","embeddable":true,"href":"https:\/\/le-castillon.be\/site\/index.php?rest_route=%2Fwp%2Fv2%2Flanguage&post=171"}],"curies":[{"name":"wp","href":"https:\/\/api.w.org\/{rel}","templated":true}]}}