{"id":2875,"date":"2015-03-13T16:44:19","date_gmt":"2015-03-13T16:44:19","guid":{"rendered":"http:\/\/le-castillon.be\/site\/?page_id=2875"},"modified":"2016-04-18T08:09:30","modified_gmt":"2016-04-18T08:09:30","slug":"chi-siamo","status":"publish","type":"page","link":"https:\/\/le-castillon.be\/site\/?page_id=2875","title":{"rendered":"Chi siamo"},"content":{"rendered":"<p>Creare un B &amp; B \u00e8 un progetto maturato da tempo e che la partenza in pensione ci a permesso di realizzarlo.<\/p>\n<p>Dopo 42 anni di carriera nel settore bancario per Christiane e 45 anni di lavoro su cantiere per Pasquale, ci hanno messo la loro energia al serizio di un pregetto specifico: sviluppare e gestire un B &amp; B e prendere il tempo per accogliere gli ospiti in visita&#8230;<\/p>\n<p>Christiane \u00e8 appasionata dalla sua collezione di gufi e civette&#8230; ma si investe anche in una variet\u00e0 di settori: ottima cuoca, gli piace scoprire nuove ricette. Si \u00e8 specializzata anche nella cosmesi e prenda volontieri tempo in creazioni artistiche personali.<\/p>\n<p>Pasquale, preferisce occuparsi di lavori di sistemazione in casa, di bricolage o ancora del giardino e dello spazio intorno.<\/p>\n","protected":false},"excerpt":{"rendered":"<p>Creare un B &amp; B \u00e8 un progetto maturato da tempo e che la partenza in pensione ci a permesso di realizzarlo. Dopo 42 anni di carriera nel settore bancario per Christiane e 45 anni di lavoro su cantiere per Pasquale, ci hanno messo la loro energia al serizio di un pregetto specifico: sviluppare e gestire un B &amp; B e prendere il tempo per accogliere gli ospiti in visita&#8230;<a href=\"https:\/\/le-castillon.be\/site\/?page_id=2875\">[&#8230;]<\/a><\/p>\n","protected":false},"author":1,"featured_media":0,"parent":0,"menu_order":0,"comment_status":"open","ping_status":"open","template":"template-full.php","meta":{"jetpack_post_was_ever_published":false,"footnotes":""},"language":[14],"class_list":["post-2875","page","type-page","status-publish","hentry","language-it_it"],"aioseo_notices":[],"jetpack_sharing_enabled":true,"jetpack_shortlink":"https:\/\/wp.me\/P5PFRI-Kn","jetpack_likes_enabled":true,"_links":{"self":[{"href":"https:\/\/le-castillon.be\/site\/index.php?rest_route=\/wp\/v2\/pages\/2875","targetHints":{"allow":["GET"]}}],"collection":[{"href":"https:\/\/le-castillon.be\/site\/index.php?rest_route=\/wp\/v2\/pages"}],"about":[{"href":"https:\/\/le-castillon.be\/site\/index.php?rest_route=\/wp\/v2\/types\/page"}],"author":[{"embeddable":true,"href":"https:\/\/le-castillon.be\/site\/index.php?rest_route=\/wp\/v2\/users\/1"}],"replies":[{"embeddable":true,"href":"https:\/\/le-castillon.be\/site\/index.php?rest_route=%2Fwp%2Fv2%2Fcomments&post=2875"}],"version-history":[{"count":3,"href":"https:\/\/le-castillon.be\/site\/index.php?rest_route=\/wp\/v2\/pages\/2875\/revisions"}],"predecessor-version":[{"id":2880,"href":"https:\/\/le-castillon.be\/site\/index.php?rest_route=\/wp\/v2\/pages\/2875\/revisions\/2880"}],"wp:attachment":[{"href":"https:\/\/le-castillon.be\/site\/index.php?rest_route=%2Fwp%2Fv2%2Fmedia&parent=2875"}],"wp:term":[{"taxonomy":"language","embeddable":true,"href":"https:\/\/le-castillon.be\/site\/index.php?rest_route=%2Fwp%2Fv2%2Flanguage&post=2875"}],"curies":[{"name":"wp","href":"https:\/\/api.w.org\/{rel}","templated":true}]}}