{"id":49,"date":"2015-03-02T10:43:14","date_gmt":"2015-03-02T10:43:14","guid":{"rendered":"http:\/\/le-castillon.be\/site\/?page_id=49"},"modified":"2026-03-26T12:54:57","modified_gmt":"2026-03-26T12:54:57","slug":"tarifs","status":"publish","type":"page","link":"https:\/\/le-castillon.be\/site\/?page_id=49","title":{"rendered":"Tarifs"},"content":{"rendered":"<h1>La chambre \u00ab\u00a0Bergame\u00a0\u00bb<\/h1>\n<p><a href=\"https:\/\/le-castillon.be\/site\/wp-content\/uploads\/2012\/02\/bergame4.jpg\" data-rel=\"prettyPhoto[49]\"><img loading=\"lazy\" decoding=\"async\" class=\"alignnone size-medium wp-image-324\" src=\"https:\/\/le-castillon.be\/site\/wp-content\/uploads\/2012\/02\/bergame4-632x355.jpg\" alt=\"bergame4\" width=\"632\" height=\"355\" srcset=\"https:\/\/le-castillon.be\/site\/wp-content\/uploads\/2012\/02\/bergame4-632x355.jpg 632w, https:\/\/le-castillon.be\/site\/wp-content\/uploads\/2012\/02\/bergame4-1020x573.jpg 1020w\" sizes=\"auto, (max-width: 632px) 100vw, 632px\" \/><\/a><\/p>\n<p><strong>70 \u20ac \/ <\/strong>nuit\u00e9e avec petit d\u00e9jeuner pour une personne.<br \/>\n<strong>80 \u20ac \/ <\/strong>nuit\u00e9e avec petit d\u00e9jeuner pour deux personnes.<br \/>\n<strong>65 \u20ac <\/strong><strong>\/<\/strong> nuit\u00e9e \u00e0 partir de la troisi\u00e8me nuit\u00e9e cons\u00e9cutive (1 personne).<br \/>\n<strong>75 \u20ac <\/strong><strong>\/<\/strong> nuit\u00e9e \u00e0 partir de la troisi\u00e8me nuit\u00e9e cons\u00e9cutive (2 personne).<\/p>\n<p><a href=\"https:\/\/le-castillon.be\/site\/wp-content\/uploads\/2015\/04\/3_epis.jpg\" data-rel=\"prettyPhoto[49]\"><img loading=\"lazy\" decoding=\"async\" class=\"alignnone wp-image-3428 size-ci_featgal_small_thumb\" src=\"https:\/\/le-castillon.be\/site\/wp-content\/uploads\/2015\/04\/3_epis-100x100.jpg\" alt=\"\" width=\"100\" height=\"100\" srcset=\"https:\/\/le-castillon.be\/site\/wp-content\/uploads\/2015\/04\/3_epis-100x100.jpg 100w, https:\/\/le-castillon.be\/site\/wp-content\/uploads\/2015\/04\/3_epis.jpg 200w\" sizes=\"auto, (max-width: 100px) 100vw, 100px\" \/><\/a> <a href=\"https:\/\/le-castillon.be\/site\/wp-content\/uploads\/2015\/03\/cgtourisme.png\" data-rel=\"prettyPhoto[49]\"><img loading=\"lazy\" decoding=\"async\" class=\"alignnone wp-image-362\" src=\"https:\/\/le-castillon.be\/site\/wp-content\/uploads\/2015\/03\/cgtourisme.png\" alt=\"cgtourisme\" width=\"100\" height=\"100\" srcset=\"https:\/\/le-castillon.be\/site\/wp-content\/uploads\/2015\/03\/cgtourisme.png 200w, https:\/\/le-castillon.be\/site\/wp-content\/uploads\/2015\/03\/cgtourisme-100x100.png 100w\" sizes=\"auto, (max-width: 100px) 100vw, 100px\" \/><\/a> <a href=\"https:\/\/le-castillon.be\/site\/wp-content\/uploads\/2015\/03\/wallonie_qualite.jpg\" data-rel=\"prettyPhoto[49]\"><img loading=\"lazy\" decoding=\"async\" class=\"alignnone wp-image-363\" src=\"https:\/\/le-castillon.be\/site\/wp-content\/uploads\/2015\/03\/wallonie_qualite.jpg\" alt=\"wallonie_qualite\" width=\"100\" height=\"100\" srcset=\"https:\/\/le-castillon.be\/site\/wp-content\/uploads\/2015\/03\/wallonie_qualite.jpg 200w, https:\/\/le-castillon.be\/site\/wp-content\/uploads\/2015\/03\/wallonie_qualite-100x100.jpg 100w\" sizes=\"auto, (max-width: 100px) 100vw, 100px\" \/><\/a><a href=\"https:\/\/le-castillon.be\/site\/wp-content\/uploads\/2015\/04\/label_B_Velo.jpg\" data-rel=\"prettyPhoto[49]\"><img loading=\"lazy\" decoding=\"async\" class=\"alignnone wp-image-3429 size-ci_featgal_small_thumb\" src=\"https:\/\/le-castillon.be\/site\/wp-content\/uploads\/2015\/04\/label_B_Velo-100x100.jpg\" alt=\"\" width=\"100\" height=\"100\" srcset=\"https:\/\/le-castillon.be\/site\/wp-content\/uploads\/2015\/04\/label_B_Velo-100x100.jpg 100w, https:\/\/le-castillon.be\/site\/wp-content\/uploads\/2015\/04\/label_B_Velo.jpg 200w\" sizes=\"auto, (max-width: 100px) 100vw, 100px\" \/><\/a><\/p>\n<h1>La chambre \u00ab\u00a0Florence\u00a0\u00bb<\/h1>\n<div id=\"attachment_3310\" style=\"width: 642px\" class=\"wp-caption alignnone\"><a href=\"https:\/\/le-castillon.be\/site\/wp-content\/uploads\/2015\/04\/DSC02717.jpg\" data-rel=\"prettyPhoto[49]\"><img loading=\"lazy\" decoding=\"async\" aria-describedby=\"caption-attachment-3310\" class=\"wp-image-3310 size-medium\" src=\"https:\/\/le-castillon.be\/site\/wp-content\/uploads\/2015\/04\/DSC02717-632x421.jpg\" alt=\"\" width=\"632\" height=\"421\" srcset=\"https:\/\/le-castillon.be\/site\/wp-content\/uploads\/2015\/04\/DSC02717-632x421.jpg 632w, https:\/\/le-castillon.be\/site\/wp-content\/uploads\/2015\/04\/DSC02717-420x280.jpg 420w, https:\/\/le-castillon.be\/site\/wp-content\/uploads\/2015\/04\/DSC02717-1020x680.jpg 1020w, https:\/\/le-castillon.be\/site\/wp-content\/uploads\/2015\/04\/DSC02717-750x500.jpg 750w\" sizes=\"auto, (max-width: 632px) 100vw, 632px\" \/><\/a><p id=\"caption-attachment-3310\" class=\"wp-caption-text\">autre angle de vue<\/p><\/div>\n<p><strong>70 \u20ac \/ <\/strong>nuit\u00e9e avec petit-d\u00e9jeuner pour une personne.<br \/>\n<strong>80 \u20ac <\/strong>\/ nuit\u00e9e avec petit-d\u00e9jeuner pour deux personnes.<br \/>\n<strong>65 \u20ac \/ <\/strong>nuit\u00e9e \u00e0 partir de la troisi\u00e8me nuit\u00e9e cons\u00e9cutive (1 personne).<br \/>\n<strong>75 \u20ac <\/strong><strong>\/<\/strong> nuit\u00e9e \u00e0 partir de la troisi\u00e8me nuit\u00e9e cons\u00e9cutive (2 personnes).<br \/>\n<strong>45<\/strong> \u20ac <strong>\/<\/strong> suppl\u00e9mentaires pour la 3\u00e8me personne adulte ou enfant dans la chambre.<\/p>\n<p>Possibilit\u00e9 de lit b\u00e9b\u00e9 gratuit + Table \u00e0 langer\/baignoire + chaise b\u00e9b\u00e9 et jeux enfants<\/p>\n<p><a href=\"https:\/\/le-castillon.be\/site\/wp-content\/uploads\/2015\/04\/3_epis.jpg\" data-rel=\"prettyPhoto[49]\"><img loading=\"lazy\" decoding=\"async\" class=\"alignnone wp-image-3428 size-ci_featgal_small_thumb\" src=\"https:\/\/le-castillon.be\/site\/wp-content\/uploads\/2015\/04\/3_epis-100x100.jpg\" alt=\"\" width=\"100\" height=\"100\" srcset=\"https:\/\/le-castillon.be\/site\/wp-content\/uploads\/2015\/04\/3_epis-100x100.jpg 100w, https:\/\/le-castillon.be\/site\/wp-content\/uploads\/2015\/04\/3_epis.jpg 200w\" sizes=\"auto, (max-width: 100px) 100vw, 100px\" \/><img loading=\"lazy\" decoding=\"async\" class=\"alignnone wp-image-362\" src=\"https:\/\/le-castillon.be\/site\/wp-content\/uploads\/2015\/03\/cgtourisme.png\" alt=\"cgtourisme\" width=\"100\" height=\"100\" srcset=\"https:\/\/le-castillon.be\/site\/wp-content\/uploads\/2015\/03\/cgtourisme.png 200w, https:\/\/le-castillon.be\/site\/wp-content\/uploads\/2015\/03\/cgtourisme-100x100.png 100w\" sizes=\"auto, (max-width: 100px) 100vw, 100px\" \/><\/a> <a href=\"https:\/\/le-castillon.be\/site\/wp-content\/uploads\/2015\/03\/wallonie_qualite.jpg\" data-rel=\"prettyPhoto[49]\"><img loading=\"lazy\" decoding=\"async\" class=\"alignnone wp-image-363\" src=\"https:\/\/le-castillon.be\/site\/wp-content\/uploads\/2015\/03\/wallonie_qualite.jpg\" alt=\"wallonie_qualite\" width=\"100\" height=\"100\" srcset=\"https:\/\/le-castillon.be\/site\/wp-content\/uploads\/2015\/03\/wallonie_qualite.jpg 200w, https:\/\/le-castillon.be\/site\/wp-content\/uploads\/2015\/03\/wallonie_qualite-100x100.jpg 100w\" sizes=\"auto, (max-width: 100px) 100vw, 100px\" \/><\/a> <a href=\"https:\/\/le-castillon.be\/site\/wp-content\/uploads\/2015\/03\/bebe_tendresse.jpg\" data-rel=\"prettyPhoto[49]\"><img loading=\"lazy\" decoding=\"async\" class=\"alignnone wp-image-360\" src=\"https:\/\/le-castillon.be\/site\/wp-content\/uploads\/2015\/03\/bebe_tendresse.jpg\" alt=\"bebe_tendresse\" width=\"100\" height=\"100\" srcset=\"https:\/\/le-castillon.be\/site\/wp-content\/uploads\/2015\/03\/bebe_tendresse.jpg 200w, https:\/\/le-castillon.be\/site\/wp-content\/uploads\/2015\/03\/bebe_tendresse-100x100.jpg 100w\" sizes=\"auto, (max-width: 100px) 100vw, 100px\" \/><\/a><a href=\"https:\/\/le-castillon.be\/site\/wp-content\/uploads\/2015\/04\/label_B_Velo.jpg\" data-rel=\"prettyPhoto[49]\"><img loading=\"lazy\" decoding=\"async\" class=\"alignnone wp-image-3429 size-ci_featgal_small_thumb\" src=\"https:\/\/le-castillon.be\/site\/wp-content\/uploads\/2015\/04\/label_B_Velo-100x100.jpg\" alt=\"\" width=\"100\" height=\"100\" srcset=\"https:\/\/le-castillon.be\/site\/wp-content\/uploads\/2015\/04\/label_B_Velo-100x100.jpg 100w, https:\/\/le-castillon.be\/site\/wp-content\/uploads\/2015\/04\/label_B_Velo.jpg 200w\" sizes=\"auto, (max-width: 100px) 100vw, 100px\" \/><\/a><\/p>\n<h1>La chambre \u00ab\u00a0Rome\u00a0\u00bb<\/h1>\n<p><a href=\"https:\/\/le-castillon.be\/site\/wp-content\/uploads\/2015\/03\/DSC02708.jpg\" data-rel=\"prettyPhoto[49]\"><img loading=\"lazy\" decoding=\"async\" class=\"alignnone wp-image-3350 size-medium\" src=\"https:\/\/le-castillon.be\/site\/wp-content\/uploads\/2015\/03\/DSC02708-632x421.jpg\" alt=\"\" width=\"632\" height=\"421\" srcset=\"https:\/\/le-castillon.be\/site\/wp-content\/uploads\/2015\/03\/DSC02708-632x421.jpg 632w, https:\/\/le-castillon.be\/site\/wp-content\/uploads\/2015\/03\/DSC02708-420x280.jpg 420w, https:\/\/le-castillon.be\/site\/wp-content\/uploads\/2015\/03\/DSC02708-768x512.jpg 768w, https:\/\/le-castillon.be\/site\/wp-content\/uploads\/2015\/03\/DSC02708-1020x680.jpg 1020w, https:\/\/le-castillon.be\/site\/wp-content\/uploads\/2015\/03\/DSC02708-750x500.jpg 750w\" sizes=\"auto, (max-width: 632px) 100vw, 632px\" \/><\/a><\/p>\n<p><strong>95 \u20ac <\/strong>\/ nuit\u00e9e avec petit-d\u00e9jeuner pour une personne.<br \/>\n<strong>105 \u20ac <\/strong>\/ nuit\u00e9e avec petit-d\u00e9jeuner pour deux personnes.<br \/>\n<strong>90 \u20ac <\/strong>\/ nuit\u00e9e \u00e0 partir de la 3\u00e8me\u00a0 nuit\u00e9e cons\u00e9cutive (1 personne).<br \/>\n<strong>100 \u20ac <\/strong>\/ nuit\u00e9e \u00e0 partir de la 3\u00e8me\u00a0 nuit\u00e9e cons\u00e9cutive (2 personne).<br \/>\n<strong>60\u00a0 \u20ac<\/strong> suppl\u00e9mentaires pour la 3\u00e8me personne adulte ou enfant dans la chambre.<br \/>\n<strong>50\u00a0 \u20ac<\/strong> suppl\u00e9mentaires pour la 4\u00e8me personne adulte ou enfant dans la chambre.<\/p>\n<p>Possibilit\u00e9 de lit b\u00e9b\u00e9 gratuit + Table \u00e0 langer\/baignoire + chaise b\u00e9b\u00e9 et jeux enfants<\/p>\n<p><a href=\"https:\/\/le-castillon.be\/site\/wp-content\/uploads\/2015\/04\/3_epis.jpg\" data-rel=\"prettyPhoto[49]\"><img loading=\"lazy\" decoding=\"async\" class=\"alignnone wp-image-3428 size-ci_featgal_small_thumb\" src=\"https:\/\/le-castillon.be\/site\/wp-content\/uploads\/2015\/04\/3_epis-100x100.jpg\" alt=\"\" width=\"100\" height=\"100\" srcset=\"https:\/\/le-castillon.be\/site\/wp-content\/uploads\/2015\/04\/3_epis-100x100.jpg 100w, https:\/\/le-castillon.be\/site\/wp-content\/uploads\/2015\/04\/3_epis.jpg 200w\" sizes=\"auto, (max-width: 100px) 100vw, 100px\" \/><img loading=\"lazy\" decoding=\"async\" class=\"alignnone wp-image-362\" src=\"https:\/\/le-castillon.be\/site\/wp-content\/uploads\/2015\/03\/cgtourisme.png\" alt=\"cgtourisme\" width=\"100\" height=\"100\" srcset=\"https:\/\/le-castillon.be\/site\/wp-content\/uploads\/2015\/03\/cgtourisme.png 200w, https:\/\/le-castillon.be\/site\/wp-content\/uploads\/2015\/03\/cgtourisme-100x100.png 100w\" sizes=\"auto, (max-width: 100px) 100vw, 100px\" \/><\/a> <a href=\"https:\/\/le-castillon.be\/site\/wp-content\/uploads\/2015\/03\/wallonie_qualite.jpg\" data-rel=\"prettyPhoto[49]\"><img loading=\"lazy\" decoding=\"async\" class=\"alignnone wp-image-363\" src=\"https:\/\/le-castillon.be\/site\/wp-content\/uploads\/2015\/03\/wallonie_qualite.jpg\" alt=\"wallonie_qualite\" width=\"100\" height=\"100\" srcset=\"https:\/\/le-castillon.be\/site\/wp-content\/uploads\/2015\/03\/wallonie_qualite.jpg 200w, https:\/\/le-castillon.be\/site\/wp-content\/uploads\/2015\/03\/wallonie_qualite-100x100.jpg 100w\" sizes=\"auto, (max-width: 100px) 100vw, 100px\" \/><\/a> <a href=\"https:\/\/le-castillon.be\/site\/wp-content\/uploads\/2015\/03\/bebe_tendresse.jpg\" data-rel=\"prettyPhoto[49]\"><img loading=\"lazy\" decoding=\"async\" class=\"alignnone wp-image-360\" src=\"https:\/\/le-castillon.be\/site\/wp-content\/uploads\/2015\/03\/bebe_tendresse.jpg\" alt=\"bebe_tendresse\" width=\"100\" height=\"100\" srcset=\"https:\/\/le-castillon.be\/site\/wp-content\/uploads\/2015\/03\/bebe_tendresse.jpg 200w, https:\/\/le-castillon.be\/site\/wp-content\/uploads\/2015\/03\/bebe_tendresse-100x100.jpg 100w\" sizes=\"auto, (max-width: 100px) 100vw, 100px\" \/><\/a><a href=\"https:\/\/le-castillon.be\/site\/wp-content\/uploads\/2015\/04\/label_B_Velo.jpg\" data-rel=\"prettyPhoto[49]\"><img loading=\"lazy\" decoding=\"async\" class=\"alignnone wp-image-3429 size-ci_featgal_small_thumb\" src=\"https:\/\/le-castillon.be\/site\/wp-content\/uploads\/2015\/04\/label_B_Velo-100x100.jpg\" alt=\"\" width=\"100\" height=\"100\" srcset=\"https:\/\/le-castillon.be\/site\/wp-content\/uploads\/2015\/04\/label_B_Velo-100x100.jpg 100w, https:\/\/le-castillon.be\/site\/wp-content\/uploads\/2015\/04\/label_B_Velo.jpg 200w\" sizes=\"auto, (max-width: 100px) 100vw, 100px\" \/><\/a><\/p>\n<p>Paiement uniquement en esp\u00e8ces ou par versement anticip\u00e9 sur le compte des propri\u00e9taires (sur demande)<\/p>\n<p>Parking Gratuit<\/p>\n","protected":false},"excerpt":{"rendered":"<p>La chambre \u00ab\u00a0Bergame\u00a0\u00bb 70 \u20ac \/ nuit\u00e9e avec petit d\u00e9jeuner pour une personne. 80 \u20ac \/ nuit\u00e9e avec petit d\u00e9jeuner pour deux personnes. 65 \u20ac \/ nuit\u00e9e \u00e0 partir de la troisi\u00e8me nuit\u00e9e cons\u00e9cutive (1 personne). 75 \u20ac \/ nuit\u00e9e \u00e0 partir de la troisi\u00e8me nuit\u00e9e cons\u00e9cutive (2 personne). La chambre \u00ab\u00a0Florence\u00a0\u00bb 70 \u20ac \/ nuit\u00e9e avec petit-d\u00e9jeuner pour une personne. 80 \u20ac \/ nuit\u00e9e avec petit-d\u00e9jeuner pour deux personnes.<a href=\"https:\/\/le-castillon.be\/site\/?page_id=49\">[&#8230;]<\/a><\/p>\n","protected":false},"author":1,"featured_media":0,"parent":0,"menu_order":0,"comment_status":"open","ping_status":"open","template":"template-booking.php","meta":{"jetpack_post_was_ever_published":false,"footnotes":""},"language":[13],"class_list":["post-49","page","type-page","status-publish","hentry","language-fr_fr"],"aioseo_notices":[],"jetpack_sharing_enabled":true,"jetpack_shortlink":"https:\/\/wp.me\/P5PFRI-N","jetpack_likes_enabled":true,"_links":{"self":[{"href":"https:\/\/le-castillon.be\/site\/index.php?rest_route=\/wp\/v2\/pages\/49","targetHints":{"allow":["GET"]}}],"collection":[{"href":"https:\/\/le-castillon.be\/site\/index.php?rest_route=\/wp\/v2\/pages"}],"about":[{"href":"https:\/\/le-castillon.be\/site\/index.php?rest_route=\/wp\/v2\/types\/page"}],"author":[{"embeddable":true,"href":"https:\/\/le-castillon.be\/site\/index.php?rest_route=\/wp\/v2\/users\/1"}],"replies":[{"embeddable":true,"href":"https:\/\/le-castillon.be\/site\/index.php?rest_route=%2Fwp%2Fv2%2Fcomments&post=49"}],"version-history":[{"count":20,"href":"https:\/\/le-castillon.be\/site\/index.php?rest_route=\/wp\/v2\/pages\/49\/revisions"}],"predecessor-version":[{"id":3830,"href":"https:\/\/le-castillon.be\/site\/index.php?rest_route=\/wp\/v2\/pages\/49\/revisions\/3830"}],"wp:attachment":[{"href":"https:\/\/le-castillon.be\/site\/index.php?rest_route=%2Fwp%2Fv2%2Fmedia&parent=49"}],"wp:term":[{"taxonomy":"language","embeddable":true,"href":"https:\/\/le-castillon.be\/site\/index.php?rest_route=%2Fwp%2Fv2%2Flanguage&post=49"}],"curies":[{"name":"wp","href":"https:\/\/api.w.org\/{rel}","templated":true}]}}