{"id":6,"date":"2015-03-02T10:21:18","date_gmt":"2015-03-02T10:21:18","guid":{"rendered":"http:\/\/le-castillon.be\/site\/?page_id=6"},"modified":"2016-04-18T08:07:48","modified_gmt":"2016-04-18T08:07:48","slug":"qui-sommes-nous","status":"publish","type":"page","link":"https:\/\/le-castillon.be\/site\/?page_id=6","title":{"rendered":"Qui sommes nous ?"},"content":{"rendered":"<p>Cr\u00e9er des chambres d\u2019h\u00f4tes est un projet m\u00fbri depuis longtemps et que le d\u00e9part \u00e0 la pension\u00a0 a permis de concr\u00e9tiser. Apr\u00e8s 42 ans de carri\u00e8re dans le secteur bancaire pour Christiane et 45 ans sur chantier pour Pasquale,\u00a0 ils ont mis leur dynamisme au service d\u2019un projet concret\u00a0: am\u00e9nager et g\u00e9rer des chambres et\u00a0 prendre le temps d\u2019accueillir des h\u00f4tes de passage\u2026<\/p>\n<p>Christiane est passionn\u00e9e par sa collection de chouettes et de hiboux\u00a0\u2026 Mais elle s\u2019investit aussi dans une multitude de domaines\u00a0: excellente cuisini\u00e8re, elle d\u00e9couvre des recettes. Elle est aussi sp\u00e9cialiste en produits de beaut\u00e9 et passe volontiers du temps \u00e0 des cr\u00e9ations artistiques personnelles.\u00a0 Pasquale, lui, pr\u00e9f\u00e8re s\u2019occuper de transformations dans la maison, de bricolages pour l\u2019am\u00e9nagement ou encore du jardin et de l\u2019espace alentour.<\/p>\n<p>&nbsp;<\/p>\n","protected":false},"excerpt":{"rendered":"<p>Cr\u00e9er des chambres d\u2019h\u00f4tes est un projet m\u00fbri depuis longtemps et que le d\u00e9part \u00e0 la pension\u00a0 a permis de concr\u00e9tiser. Apr\u00e8s 42 ans de carri\u00e8re dans le secteur bancaire pour Christiane et 45 ans sur chantier pour Pasquale,\u00a0 ils ont mis leur dynamisme au service d\u2019un projet concret\u00a0: am\u00e9nager et g\u00e9rer des chambres et\u00a0 prendre le temps d\u2019accueillir des h\u00f4tes de passage\u2026 Christiane est passionn\u00e9e par sa collection de<a href=\"https:\/\/le-castillon.be\/site\/?page_id=6\">[&#8230;]<\/a><\/p>\n","protected":false},"author":1,"featured_media":0,"parent":0,"menu_order":0,"comment_status":"open","ping_status":"open","template":"template-full.php","meta":{"jetpack_post_was_ever_published":false,"footnotes":""},"language":[13],"class_list":["post-6","page","type-page","status-publish","hentry","language-fr_fr"],"aioseo_notices":[],"jetpack_sharing_enabled":true,"jetpack_shortlink":"https:\/\/wp.me\/P5PFRI-6","jetpack_likes_enabled":true,"_links":{"self":[{"href":"https:\/\/le-castillon.be\/site\/index.php?rest_route=\/wp\/v2\/pages\/6","targetHints":{"allow":["GET"]}}],"collection":[{"href":"https:\/\/le-castillon.be\/site\/index.php?rest_route=\/wp\/v2\/pages"}],"about":[{"href":"https:\/\/le-castillon.be\/site\/index.php?rest_route=\/wp\/v2\/types\/page"}],"author":[{"embeddable":true,"href":"https:\/\/le-castillon.be\/site\/index.php?rest_route=\/wp\/v2\/users\/1"}],"replies":[{"embeddable":true,"href":"https:\/\/le-castillon.be\/site\/index.php?rest_route=%2Fwp%2Fv2%2Fcomments&post=6"}],"version-history":[{"count":1,"href":"https:\/\/le-castillon.be\/site\/index.php?rest_route=\/wp\/v2\/pages\/6\/revisions"}],"predecessor-version":[{"id":7,"href":"https:\/\/le-castillon.be\/site\/index.php?rest_route=\/wp\/v2\/pages\/6\/revisions\/7"}],"wp:attachment":[{"href":"https:\/\/le-castillon.be\/site\/index.php?rest_route=%2Fwp%2Fv2%2Fmedia&parent=6"}],"wp:term":[{"taxonomy":"language","embeddable":true,"href":"https:\/\/le-castillon.be\/site\/index.php?rest_route=%2Fwp%2Fv2%2Flanguage&post=6"}],"curies":[{"name":"wp","href":"https:\/\/api.w.org\/{rel}","templated":true}]}}