{"id":8,"date":"2015-03-02T10:22:12","date_gmt":"2015-03-02T10:22:12","guid":{"rendered":"http:\/\/le-castillon.be\/site\/?page_id=8"},"modified":"2016-04-04T09:11:26","modified_gmt":"2016-04-04T09:11:26","slug":"curiosites-aux-alentours","status":"publish","type":"page","link":"https:\/\/le-castillon.be\/site\/?page_id=8","title":{"rendered":"Activit\u00e9s"},"content":{"rendered":"<table border=\"0\" width=\"1045\" align=\"center\">\n<tbody>\n<tr>\n<td>\n<table width=\"1024\">\n<tbody>\n<tr>\n<td align=\"left\" valign=\"top\" width=\"279\"><img loading=\"lazy\" decoding=\"async\" src=\"..\/images\/museemine.jpg\" alt=\"Mus\u00e9e de la mine \u00e0 Bois du Luc\" width=\"250\" height=\"300\" border=\"0\" \/><\/td>\n<td rowspan=\"4\" align=\"left\" valign=\"top\" width=\"466\">\n<h1>Curiosit\u00e9s aux alentours<\/h1>\n<p><strong><em>Trivi\u00e8res\u00a0 est \u00e0 l\u2019intersection entre le Hainaut et le Brabant wallon\u2026\u00a0!<\/em><\/strong><\/p>\n<p><strong><em>A moins de 30kms, que de d\u00e9couvertes en perspective\u00a0!<\/em><\/strong><\/p>\n<p><em>Pour les pro du v\u00e9lo ou de la randonn\u00e9e<\/em>\u00a0: le Ravel, qui longe l\u2019ancien canal, vous enchantera. \u00a0Empruntez, par exemple, le tron\u00e7on de Seneffe \u00e0 Arquennes ou plus loin encore vers Ronqui\u00e8res\u00a0!<\/p>\n<p><em>Pour les amateurs de villes \u00e0 explorer<\/em>\u00a0: Soignies et son \u00e9glise romane; Mons\u00a0: sa Grand-Place, sa coll\u00e9giale Ste-Waudru , ses Mus\u00e9es d\u2019art ou d\u2019histoire \u2026<\/p>\n<p><em>Pour les amateurs d\u2019ouvrages d\u2019art remarquables<\/em>\u00a0: le plan inclin\u00e9 de <a href=\"http:\/\/voiesdeau.hainaut.be\/tourisme\/voiesdeauhainaut\/fr\/template\/template.asp?page=ronquieres&amp;navcont=4,0,0\" target=\"_blank\">RONQUIERES<\/a>\u00a0ou le nouvel <a href=\"http:\/\/voiesdeau.hainaut.be\/tourisme\/voiesdeauhainaut\/fr\/template\/template.asp?page=strepy&amp;navcont=5,0,0&amp;branch=3\" target=\"_blank\"> ascenseur de Str\u00e9py-Thieu\u2026<\/a><\/p>\n<p><em>Des\u00a0 Mus\u00e9es<\/em>\u00a0<em>incontournabl<\/em>es : <a href=\"http:\/\/www.musee-mariemont.be\/\" target=\"_blank\">Mariemont<\/a>, avec ses collections gallo-romaines et\u00a0 d\u2019Extr\u00eame-Orient, qui se niche au c\u0153ur d\u2019un parc remarquable. Les sculptures du <a href=\"http:\/\/www.ianchelevici.be\/\" target=\"_blank\">Ianchelevici<\/a> et le <a href=\"http:\/\/www.artsplastiques.cfwb.be\/subventions\/arts_plastiques_et_visuels_design_et_arts_appliques\/aides_pour_projets_en_belgique\/aides_aux_maisons_deditions_et_revues\/repertoire_des_maisons_deditions_et_revues_subventionnees\/daily_bul\/\" target=\"_blank\">Daily Bul<\/a>, quant au <a href=\"http:\/\/www.centredelagravure.be\/\" target=\"_blank\">centre de la Gravure<\/a> \u00e0 La Louvi\u00e8re, il est unique en Belgique.<\/p>\n<p><em>Pour les amoureux de l\u2019Histoire en qu\u00eate de traces du pass\u00e9<\/em>\u00a0: \u00e0 <a href=\"http:\/\/www.waterloo1815.be\/fr\/waterloo\/\" target=\"_blank\">Waterloo<\/a>, le champ de bataille o\u00f9 Napol\u00e9on fut vaincu\u2026 , mais aussi <a href=\"http:\/\/www.ecomuseeboisduluc.be\/accueil.html\" target=\"_blank\">l\u2019\u00e9comus\u00e9e et le mus\u00e9e de la mine de Bois du Luc<\/a> ou le site\u00a0 minier du <a href=\"http:\/\/www.leboisducazier.be\/\" target=\"_blank\">Bois du Cazier<\/a>, les\u00a0<a href=\"http:\/\/fr.wikipedia.org\/wiki\/Ascenseurs_%C3%A0_bateaux_du_Canal_du_Centre\" target=\"_blank\">ascenseurs \u00e0 bateaux du canal du Centre<\/a>\u2026 Pourquoi pas une promenade en bateau sur le canal avec passage d\u2019\u00e9cluses et une halte-repas \u00e0 <a href=\"http:\/\/www.lacantinedesitaliens.be\/\" target=\"_blank\">la cantine des Italiens<\/a>\u00a0?<\/p>\n<p><em>Un Parc de d\u00e9tente, attraction majeure de la Wallonie\u00a0:\u00a0 <\/em><a href=\"http:\/\/www.paradisio.be\/fr\/index.html\" target=\"_blank\">le Parc Pairi Daiza <\/a>(\u00ab\u00a0jardin clos\u00a0\u00bb, en persan )(nouveau nom de Paradisio). Visitez l\u2019\u00eele aux l\u00e9muriens, laissez vous envo\u00fbter par le village indon\u00e9sien, d\u00e9couvrez la s\u00e9r\u00e9nit\u00e9 du jardin chinois \u2026 Et pour les enfants des attractions et jeux de choix\u00a0!\u00a0 \u2026.\u00a0 Un r\u00e9gal pour grands et petits\u00a0!<\/p>\n<p><em>Pour les amoureux du folklore<\/em>\u00a0: <a href=\"http:\/\/www.museedumasque.be\/\" target=\"_blank\">le Mus\u00e9e du Masque<\/a> de BINCHE\u2026<\/p>\n<p>\u2026 Sans oublier \u2013 bien s\u00fbr\u00a0!- <em>les carnavals de la r\u00e9gion du Centre<\/em>\u00a0: <em>Binche, la Louvi\u00e8re<\/em>, \u2026. Mais aussi , \u00e0 Mons,\u00a0 le \u00ab\u00a0DOUDOU\u00a0\u00bb, avec sa procession fastueuse et son fameux combat de St Georges contre le dragon\u00a0!<\/p>\n<p>\u2026. et peut-\u00eatre aurez\u2013vous la chance de vivre un <em>spectacle de Franco DRAGONE<\/em>, ce Louvi\u00e9rois\u00a0 cr\u00e9ateur du Cirque du Soleil\u00a0!<\/p>\n<p align=\"center\"><em>\u00a0Christiane et Pasquale se feront un plaisir de vous offrir des d\u00e9pliants touristiques\u00a0!<\/em><\/p>\n<\/td>\n<td align=\"right\" valign=\"top\" width=\"265\"><img loading=\"lazy\" decoding=\"async\" src=\"..\/images\/ascenseurs.jpg\" alt=\"Le petit dejeuner des chambres d'h\u00f4tes du Castillon\" width=\"250\" height=\"300\" align=\"right\" border=\"0\" \/><\/td>\n<\/tr>\n<tr>\n<td align=\"left\" valign=\"top\" width=\"279\"><img loading=\"lazy\" decoding=\"async\" src=\"..\/images\/decrocherlalune.jpg\" alt=\"Decrocher la lune\" width=\"250\" height=\"300\" align=\"top\" border=\"0\" \/><\/td>\n<td align=\"right\" valign=\"top\"><img loading=\"lazy\" decoding=\"async\" src=\"..\/images\/gilles.jpg\" alt=\"Curiosit\u00e9s autour du castillon Le carnaval de Binche\" width=\"250\" height=\"300\" border=\"0\" \/><\/td>\n<\/tr>\n<tr>\n<td align=\"left\" valign=\"top\" width=\"279\"><img loading=\"lazy\" decoding=\"async\" src=\"..\/images\/mariemont.jpg\" alt=\"Visitez le parc et le mus\u00e9e de Mariemont pr\u00e8s du Castillon\" width=\"250\" height=\"300\" border=\"0\" \/><\/td>\n<td align=\"right\" valign=\"top\" height=\"184\"><img loading=\"lazy\" decoding=\"async\" src=\"..\/images\/paradisio.jpg\" alt=\"Le Parc Pairi Daiza, anciennement Parc paradisio\" width=\"250\" height=\"300\" border=\"0\" \/><\/td>\n<\/tr>\n<tr>\n<td align=\"left\" valign=\"top\" width=\"279\"><\/td>\n<td align=\"right\" valign=\"top\"><\/td>\n<\/tr>\n<tr>\n<td align=\"left\" valign=\"top\"><\/td>\n<td><\/td>\n<td align=\"right\" valign=\"top\"><\/td>\n<\/tr>\n<\/tbody>\n<\/table>\n<\/td>\n<\/tr>\n<tr>\n<td align=\"center\"><\/td>\n<\/tr>\n<\/tbody>\n<\/table>\n","protected":false},"excerpt":{"rendered":"<p>Curiosit\u00e9s aux alentours Trivi\u00e8res\u00a0 est \u00e0 l\u2019intersection entre le Hainaut et le Brabant wallon\u2026\u00a0! A moins de 30kms, que de d\u00e9couvertes en perspective\u00a0! Pour les pro du v\u00e9lo ou de la randonn\u00e9e\u00a0: le Ravel, qui longe l\u2019ancien canal, vous enchantera. \u00a0Empruntez, par exemple, le tron\u00e7on de Seneffe \u00e0 Arquennes ou plus loin encore vers Ronqui\u00e8res\u00a0! Pour les amateurs de villes \u00e0 explorer\u00a0: Soignies et son \u00e9glise romane; Mons\u00a0: sa Grand-Place,<a href=\"https:\/\/le-castillon.be\/site\/?page_id=8\">[&#8230;]<\/a><\/p>\n","protected":false},"author":1,"featured_media":0,"parent":0,"menu_order":0,"comment_status":"open","ping_status":"closed","template":"template-full.php","meta":{"jetpack_post_was_ever_published":false,"footnotes":""},"language":[13],"class_list":["post-8","page","type-page","status-publish","hentry","language-fr_fr"],"aioseo_notices":[],"jetpack_sharing_enabled":true,"jetpack_shortlink":"https:\/\/wp.me\/P5PFRI-8","jetpack_likes_enabled":true,"_links":{"self":[{"href":"https:\/\/le-castillon.be\/site\/index.php?rest_route=\/wp\/v2\/pages\/8","targetHints":{"allow":["GET"]}}],"collection":[{"href":"https:\/\/le-castillon.be\/site\/index.php?rest_route=\/wp\/v2\/pages"}],"about":[{"href":"https:\/\/le-castillon.be\/site\/index.php?rest_route=\/wp\/v2\/types\/page"}],"author":[{"embeddable":true,"href":"https:\/\/le-castillon.be\/site\/index.php?rest_route=\/wp\/v2\/users\/1"}],"replies":[{"embeddable":true,"href":"https:\/\/le-castillon.be\/site\/index.php?rest_route=%2Fwp%2Fv2%2Fcomments&post=8"}],"version-history":[{"count":19,"href":"https:\/\/le-castillon.be\/site\/index.php?rest_route=\/wp\/v2\/pages\/8\/revisions"}],"predecessor-version":[{"id":3087,"href":"https:\/\/le-castillon.be\/site\/index.php?rest_route=\/wp\/v2\/pages\/8\/revisions\/3087"}],"wp:attachment":[{"href":"https:\/\/le-castillon.be\/site\/index.php?rest_route=%2Fwp%2Fv2%2Fmedia&parent=8"}],"wp:term":[{"taxonomy":"language","embeddable":true,"href":"https:\/\/le-castillon.be\/site\/index.php?rest_route=%2Fwp%2Fv2%2Flanguage&post=8"}],"curies":[{"name":"wp","href":"https:\/\/api.w.org\/{rel}","templated":true}]}}